{"id":12,"date":"2023-12-14T17:01:59","date_gmt":"2023-12-14T17:01:59","guid":{"rendered":"https:\/\/lagreska.onlinevalles.club\/?page_id=12"},"modified":"2024-07-18T14:44:49","modified_gmt":"2024-07-18T12:44:49","slug":"declaracion-de-accesibilidad","status":"publish","type":"page","link":"https:\/\/lagreska.onlinevalles.club\/ca\/declaracion-de-accesibilidad\/","title":{"rendered":"Declaraci\u00f3 d&#039;accessibilitat"},"content":{"rendered":"<style>.kb-row-layout-id12_a19d4f-61 > .kt-row-column-wrap{align-content:start;}:where(.kb-row-layout-id12_a19d4f-61 > .kt-row-column-wrap) > .wp-block-kadence-column{justify-content:start;}.kb-row-layout-id12_a19d4f-61 > .kt-row-column-wrap{column-gap:var(--global-kb-gap-lg, 4rem);row-gap:var(--global-kb-gap-md, 2rem);padding-top:0px;padding-bottom:var(--global-kb-spacing-lg, 3rem);grid-template-columns:minmax(0, calc(25% - ((var(--global-kb-gap-lg, 4rem) * 1 )\/2)))minmax(0, calc(75% - ((var(--global-kb-gap-lg, 4rem) * 1 )\/2)));}.kb-row-layout-id12_a19d4f-61 > .kt-row-layout-overlay{opacity:0.30;}@media all and (max-width: 1024px){.kb-row-layout-id12_a19d4f-61 > .kt-row-column-wrap{grid-template-columns:minmax(0, 1fr) minmax(0, 2fr);}}@media all and (max-width: 767px){.kb-row-layout-id12_a19d4f-61 > .kt-row-column-wrap{grid-template-columns:minmax(0, 1fr);}.kb-row-layout-id12_a19d4f-61 > .kt-row-column-wrap > .wp-block-kadence-column:nth-child(1 of *:not(style)){order:2;}.kb-row-layout-id12_a19d4f-61 > .kt-row-column-wrap > .wp-block-kadence-column:nth-child(2 of *:not(style)){order:1;}.kb-row-layout-id12_a19d4f-61 > .kt-row-column-wrap > .wp-block-kadence-column:nth-child(3 of *:not(style)){order:12;}.kb-row-layout-id12_a19d4f-61 > .kt-row-column-wrap > .wp-block-kadence-column:nth-child(4 of *:not(style)){order:11;}.kb-row-layout-id12_a19d4f-61 > .kt-row-column-wrap > .wp-block-kadence-column:nth-child(5 of *:not(style)){order:22;}.kb-row-layout-id12_a19d4f-61 > .kt-row-column-wrap > .wp-block-kadence-column:nth-child(6 of *:not(style)){order:21;}.kb-row-layout-id12_a19d4f-61 > .kt-row-column-wrap > .wp-block-kadence-column:nth-child(7 of *:not(style)){order:32;}.kb-row-layout-id12_a19d4f-61 > .kt-row-column-wrap > .wp-block-kadence-column:nth-child(8 of *:not(style)){order:31;}}<\/style><div class=\"kb-row-layout-wrap kb-row-layout-id12_a19d4f-61 alignnone wp-block-kadence-rowlayout\"><div class=\"kt-row-column-wrap kt-has-2-columns kt-row-layout-right-golden kt-tab-layout-inherit kt-mobile-layout-row kt-row-valign-top\">\n<style>#wrapper.site{overflow:clip;}.kadence-column12_b33d25-3a{--kb-section-setting-offset:140px;}.kadence-column12_b33d25-3a > .kt-inside-inner-col,.kadence-column12_b33d25-3a > .kt-inside-inner-col:before{border-top-left-radius:0px;border-top-right-radius:0px;border-bottom-right-radius:0px;border-bottom-left-radius:0px;}.kadence-column12_b33d25-3a > .kt-inside-inner-col{column-gap:var(--global-kb-gap-sm, 1rem);}.kadence-column12_b33d25-3a > .kt-inside-inner-col{flex-direction:column;}.kadence-column12_b33d25-3a > .kt-inside-inner-col > .aligncenter{width:100%;}.kadence-column12_b33d25-3a > .kt-inside-inner-col:before{opacity:0.3;}.kadence-column12_b33d25-3a{position:relative;}@media all and (max-width: 1024px){.kadence-column12_b33d25-3a > .kt-inside-inner-col{flex-direction:column;justify-content:center;}}@media all and (max-width: 767px){.kadence-column12_b33d25-3a > .kt-inside-inner-col{flex-direction:column;justify-content:center;}}<\/style>\n<div class=\"wp-block-kadence-column kadence-column12_b33d25-3a kb-section-is-sticky\"><div class=\"kt-inside-inner-col\"><div class=\"wp-block-navigation\"><ul class=\"wp-block-navigation__container is-vertical wp-block-navigation\" style=\"gap: 0.5rem;\"><li class=\"wp-block-navigation-item wp-block-navigation-link\"><a class=\"wp-block-navigation-item__content\" href=\"https:\/\/lagreska.onlinevalles.club\/ca\/aviso-legal\/\">Av\u00eds legal<\/a><\/li><li class=\"wp-block-navigation-item wp-block-navigation-link\"><a class=\"wp-block-navigation-item__content\" href=\"https:\/\/lagreska.onlinevalles.club\/ca\/politica-de-privacidad\/\">Pol\u00edtica de privadesa<\/a><\/li><li class=\"wp-block-navigation-item wp-block-navigation-link\"><a class=\"wp-block-navigation-item__content\" href=\"https:\/\/lagreska.onlinevalles.club\/ca\/politica-de-cookies\/\">Pol\u00edtica de cookies<\/a><\/li><li class=\"wp-block-navigation-item wp-block-navigation-link\"><a class=\"wp-block-navigation-item__content\" href=\"https:\/\/lagreska.onlinevalles.club\/ca\/declaracion-de-accesibilidad\/\">Declaraci\u00f3 d&#039;accessibilitat<\/a><\/li><li class=\"wp-block-navigation-item wp-block-navigation-link\"><a class=\"wp-block-navigation-item__content\" href=\"https:\/\/lagreska.onlinevalles.club\/ca\/mapa-web\/\">Mapa web<\/a><\/li><\/ul><\/div>\n<\/div><\/div>\n\n\n<style>.kadence-column12_ca0f4c-80 > .kt-inside-inner-col,.kadence-column12_ca0f4c-80 > .kt-inside-inner-col:before{border-top-left-radius:0px;border-top-right-radius:0px;border-bottom-right-radius:0px;border-bottom-left-radius:0px;}.kadence-column12_ca0f4c-80 > .kt-inside-inner-col{column-gap:var(--global-kb-gap-sm, 1rem);}.kadence-column12_ca0f4c-80 > .kt-inside-inner-col{flex-direction:column;}.kadence-column12_ca0f4c-80 > .kt-inside-inner-col > .aligncenter{width:100%;}.kadence-column12_ca0f4c-80 > .kt-inside-inner-col:before{opacity:0.3;}.kadence-column12_ca0f4c-80{position:relative;}@media all and (max-width: 1024px){.kadence-column12_ca0f4c-80 > .kt-inside-inner-col{flex-direction:column;justify-content:center;}}@media all and (max-width: 767px){.kadence-column12_ca0f4c-80 > .kt-inside-inner-col{flex-direction:column;justify-content:center;}}<\/style>\n<div class=\"wp-block-kadence-column kadence-column12_ca0f4c-80\"><div class=\"kt-inside-inner-col\">\n<p><strong>LA GRESKA espectacles<\/strong>\u00a0s&#039;ha comprom\u00e8s a fer accessible el vostre lloc web, de conformitat amb el Reial Decret 1112\/2018, de 7 de setembre, sobre accessibilitat dels llocs web i aplicacions per a dispositius m\u00f2bils del sector p\u00fablic.<\/p>\n\n\n\n<p>Aquesta declaraci\u00f3 d&#039;accessibilitat s&#039;aplica a aquest web.<\/p>\n\n\n\n<h2 class=\"wp-block-heading\">Situaci\u00f3 de compliment<\/h2>\n\n\n\n<p>Aquest lloc web est\u00e0 desenvolupat segons el RD 1112\/2018<\/p>\n\n\n\n<h2 class=\"wp-block-heading\">Preparaci\u00f3 per a la seg\u00fcent declaraci\u00f3 d&#039;accessibilitat<\/h2>\n\n\n\n<p>Aquesta declaraci\u00f3 va ser preparada el 20 de maig del 2023.<\/p>\n\n\n\n<p>El m\u00e8tode emprat per preparar la declaraci\u00f3 ha estat una autoavaluaci\u00f3.<\/p>\n\n\n\n<h2 class=\"wp-block-heading\">Observacions i dades de contacte<\/h2>\n\n\n\n<p>Podeu realitzar comunicacions sobre requisits d&#039;accessibilitat (article 10.2.a del RD 1112\/2018) com:<\/p>\n\n\n\n<ul class=\"wp-block-list\">\n<li>Informar sobre qualsevol possible incompliment per part d&#039;aquest lloc web<\/li>\n\n\n\n<li>Transmetre altres dificultats d&#039;acc\u00e9s al contingut<\/li>\n\n\n\n<li>Formular qualsevol altra consulta o suggeriment de millora relativa a l&#039;accessibilitat del lloc web mitjan\u00e7ant el formulari de contacte d&#039;aquest lloc web o mitjan\u00e7ant el n\u00famero de tel\u00e8fon 937 12 40 00<\/li>\n<\/ul>\n\n\n\n<p>Podeu presentar:<\/p>\n\n\n\n<ul class=\"wp-block-list\">\n<li>Queixa relativa al compliment dels requisits del RD 1112\/2018<\/li>\n\n\n\n<li>Sol\u00b7licitud d&#039;informaci\u00f3 accessible relativa a:\n<ul class=\"wp-block-list\">\n<li>Continguts que estan exclosos de l\u00e0mbit daplicaci\u00f3 del RD 1112\/2018 segons el que estableix larticle 3, apartat 4<\/li>\n\n\n\n<li>Continguts que estan exempts del compliment dels requisits d&#039;accessibilitat per imposar una c\u00e0rrega desproporcionada<\/li>\n\n\n\n<li>A la Sol\u00b7licitud d&#039;informaci\u00f3 accessible, cal concretar, amb tota claredat, els fets, les raons i la petici\u00f3 que permetin constatar que es tracta d&#039;una sol\u00b7licitud raonable i leg\u00edtima.<\/li>\n<\/ul>\n<\/li>\n<\/ul>\n\n\n\n<p>Les queixes i reclamacions sobre informaci\u00f3 accessible es realitzaran a trav\u00e9s de la seu electr\u00f2nica (<a href=\"https:\/\/sede.red.gob.es\/procedimientos\/quejas-y-sugerencias\" target=\"_blank\" rel=\"noreferrer noopener\">https:\/\/sede.red.gob.es\/procedimientos\/quejas-y-sugerencias<\/a>), i seran rebudes i tractades per l&#039;\u00e0rea de Sistemes de la Informaci\u00f3 de Red.es.<\/p>\n\n\n\n<h2 class=\"wp-block-heading\">Contingut opcional<\/h2>\n\n\n\n<ul class=\"wp-block-list\">\n<li>Si voleu canviar la mida de lletra del text als principals navegadors gr\u00e0fics utilitzeu els men\u00fas seg\u00fcents:<\/li>\n\n\n\n<li>Safari: Veure &gt; Fer el text m\u00e9s gran<\/li>\n\n\n\n<li>Chrome: Controla la p\u00e0gina actual &gt; Mida del text<\/li>\n<\/ul>\n\n\n\n<p>Per modificar la mida de tot a la p\u00e0gina:<\/p>\n\n\n\n<ul class=\"wp-block-list\">\n<li>Ctrl++ per augmentar-ho<\/li>\n\n\n\n<li>Ctrl + \u2013 per disminuir-ho<\/li>\n\n\n\n<li>Ctrl + 0 restaura la mida original del text<\/li>\n\n\n\n<li>Si el que voleu \u00e9s anul\u00b7lar el full d&#039;estils o modificar el color del text, podeu consultar la p\u00e0gina How to Change Text Size o Colors de la WAI, que es pot llegir tradu\u00eft a l&#039;espanyol a Com canviar la mida del text o colors?<\/li>\n<\/ul>\n<\/div><\/div>\n\n<\/div><\/div>","protected":false},"excerpt":{"rendered":"<p>LA GRESKA espectacles\u00a0se ha comprometido a hacer accesible su sitio web, de conformidad con el Real Decreto 1112\/2018, de 7 de septiembre, sobre accesibilidad de los sitios web y aplicaciones para dispositivos m\u00f3viles del sector p\u00fablico. Esta declaraci\u00f3n de accesibilidad se aplica a esta web. Situaci\u00f3n de cumplimiento Este sitio web est\u00e1 desarrollado de acuerdo&#8230;<\/p>","protected":false},"author":1,"featured_media":0,"parent":0,"menu_order":57,"comment_status":"closed","ping_status":"closed","template":"","meta":{"_acf_changed":false,"_kad_blocks_custom_css":"","_kad_blocks_head_custom_js":"","_kad_blocks_body_custom_js":"","_kad_blocks_footer_custom_js":"","_kadence_starter_templates_imported_post":false,"_kad_post_transparent":"","_kad_post_title":"","_kad_post_layout":"","_kad_post_sidebar_id":"","_kad_post_content_style":"","_kad_post_vertical_padding":"","_kad_post_feature":"","_kad_post_feature_position":"","_kad_post_header":false,"_kad_post_footer":false,"footnotes":""},"class_list":["post-12","page","type-page","status-publish","hentry"],"acf":[],"yoast_head":"<!-- This site is optimized with the Yoast SEO plugin v27.4 - https:\/\/yoast.com\/product\/yoast-seo-wordpress\/ -->\n<title>Declaraci\u00f3n de accesibilidad - La Greska Espectacles<\/title>\n<meta name=\"robots\" content=\"noindex, follow, max-snippet:-1, max-image-preview:large, max-video-preview:-1\" \/>\n<meta property=\"og:locale\" content=\"ca_ES\" \/>\n<meta property=\"og:type\" content=\"article\" \/>\n<meta property=\"og:title\" content=\"Declaraci\u00f3n de accesibilidad - La Greska Espectacles\" \/>\n<meta property=\"og:description\" content=\"LA GRESKA espectacles\u00a0se ha comprometido a hacer accesible su sitio web, de conformidad con el Real Decreto 1112\/2018, de 7 de septiembre, sobre accesibilidad de los sitios web y aplicaciones para dispositivos m\u00f3viles del sector p\u00fablico. Esta declaraci\u00f3n de accesibilidad se aplica a esta web. Situaci\u00f3n de cumplimiento Este sitio web est\u00e1 desarrollado de acuerdo...\" \/>\n<meta property=\"og:url\" content=\"https:\/\/lagreska.onlinevalles.club\/ca\/declaracion-de-accesibilidad\/\" \/>\n<meta property=\"og:site_name\" content=\"La Greska Espectacles\" \/>\n<meta property=\"article:modified_time\" content=\"2024-07-18T12:44:49+00:00\" \/>\n<meta name=\"twitter:card\" content=\"summary_large_image\" \/>\n<meta name=\"twitter:label1\" content=\"Temps estimat de lectura\" \/>\n\t<meta name=\"twitter:data1\" content=\"2 minuts\" \/>\n<script type=\"application\/ld+json\" class=\"yoast-schema-graph\">{\"@context\":\"https:\\\/\\\/schema.org\",\"@graph\":[{\"@type\":\"WebPage\",\"@id\":\"https:\\\/\\\/lagreska.onlinevalles.club\\\/declaracion-de-accesibilidad\\\/\",\"url\":\"https:\\\/\\\/lagreska.onlinevalles.club\\\/declaracion-de-accesibilidad\\\/\",\"name\":\"Declaraci\u00f3n de accesibilidad - La Greska Espectacles\",\"isPartOf\":{\"@id\":\"https:\\\/\\\/lagreska.onlinevalles.club\\\/#website\"},\"datePublished\":\"2023-12-14T17:01:59+00:00\",\"dateModified\":\"2024-07-18T12:44:49+00:00\",\"breadcrumb\":{\"@id\":\"https:\\\/\\\/lagreska.onlinevalles.club\\\/declaracion-de-accesibilidad\\\/#breadcrumb\"},\"inLanguage\":\"ca\",\"potentialAction\":[{\"@type\":\"ReadAction\",\"target\":[\"https:\\\/\\\/lagreska.onlinevalles.club\\\/declaracion-de-accesibilidad\\\/\"]}]},{\"@type\":\"BreadcrumbList\",\"@id\":\"https:\\\/\\\/lagreska.onlinevalles.club\\\/declaracion-de-accesibilidad\\\/#breadcrumb\",\"itemListElement\":[{\"@type\":\"ListItem\",\"position\":1,\"name\":\"Portada\",\"item\":\"https:\\\/\\\/lagreska.onlinevalles.club\\\/\"},{\"@type\":\"ListItem\",\"position\":2,\"name\":\"Declaraci\u00f3n de accesibilidad\"}]},{\"@type\":\"WebSite\",\"@id\":\"https:\\\/\\\/lagreska.onlinevalles.club\\\/#website\",\"url\":\"https:\\\/\\\/lagreska.onlinevalles.club\\\/\",\"name\":\"La Greska Espectacles\",\"description\":\"Agencia de animaci\u00f3n de fiestas y eventos en Sabadell\",\"publisher\":{\"@id\":\"https:\\\/\\\/lagreska.onlinevalles.club\\\/#organization\"},\"potentialAction\":[{\"@type\":\"SearchAction\",\"target\":{\"@type\":\"EntryPoint\",\"urlTemplate\":\"https:\\\/\\\/lagreska.onlinevalles.club\\\/?s={search_term_string}\"},\"query-input\":{\"@type\":\"PropertyValueSpecification\",\"valueRequired\":true,\"valueName\":\"search_term_string\"}}],\"inLanguage\":\"ca\"},{\"@type\":\"Organization\",\"@id\":\"https:\\\/\\\/lagreska.onlinevalles.club\\\/#organization\",\"name\":\"La Greska Espectacles\",\"url\":\"https:\\\/\\\/lagreska.onlinevalles.club\\\/\",\"logo\":{\"@type\":\"ImageObject\",\"inLanguage\":\"ca\",\"@id\":\"https:\\\/\\\/lagreska.onlinevalles.club\\\/#\\\/schema\\\/logo\\\/image\\\/\",\"url\":\"https:\\\/\\\/lagreska.onlinevalles.club\\\/wp-content\\\/uploads\\\/2024\\\/05\\\/logo.png\",\"contentUrl\":\"https:\\\/\\\/lagreska.onlinevalles.club\\\/wp-content\\\/uploads\\\/2024\\\/05\\\/logo.png\",\"width\":813,\"height\":307,\"caption\":\"La Greska Espectacles\"},\"image\":{\"@id\":\"https:\\\/\\\/lagreska.onlinevalles.club\\\/#\\\/schema\\\/logo\\\/image\\\/\"}}]}<\/script>\n<!-- \/ Yoast SEO plugin. -->","yoast_head_json":{"title":"Declaraci\u00f3n de accesibilidad - La Greska Espectacles","robots":{"index":"noindex","follow":"follow","max-snippet":"max-snippet:-1","max-image-preview":"max-image-preview:large","max-video-preview":"max-video-preview:-1"},"og_locale":"ca_ES","og_type":"article","og_title":"Declaraci\u00f3n de accesibilidad - La Greska Espectacles","og_description":"LA GRESKA espectacles\u00a0se ha comprometido a hacer accesible su sitio web, de conformidad con el Real Decreto 1112\/2018, de 7 de septiembre, sobre accesibilidad de los sitios web y aplicaciones para dispositivos m\u00f3viles del sector p\u00fablico. Esta declaraci\u00f3n de accesibilidad se aplica a esta web. Situaci\u00f3n de cumplimiento Este sitio web est\u00e1 desarrollado de acuerdo...","og_url":"https:\/\/lagreska.onlinevalles.club\/ca\/declaracion-de-accesibilidad\/","og_site_name":"La Greska Espectacles","article_modified_time":"2024-07-18T12:44:49+00:00","twitter_card":"summary_large_image","twitter_misc":{"Temps estimat de lectura":"2 minuts"},"schema":{"@context":"https:\/\/schema.org","@graph":[{"@type":"WebPage","@id":"https:\/\/lagreska.onlinevalles.club\/declaracion-de-accesibilidad\/","url":"https:\/\/lagreska.onlinevalles.club\/declaracion-de-accesibilidad\/","name":"Declaraci\u00f3n de accesibilidad - La Greska Espectacles","isPartOf":{"@id":"https:\/\/lagreska.onlinevalles.club\/#website"},"datePublished":"2023-12-14T17:01:59+00:00","dateModified":"2024-07-18T12:44:49+00:00","breadcrumb":{"@id":"https:\/\/lagreska.onlinevalles.club\/declaracion-de-accesibilidad\/#breadcrumb"},"inLanguage":"ca","potentialAction":[{"@type":"ReadAction","target":["https:\/\/lagreska.onlinevalles.club\/declaracion-de-accesibilidad\/"]}]},{"@type":"BreadcrumbList","@id":"https:\/\/lagreska.onlinevalles.club\/declaracion-de-accesibilidad\/#breadcrumb","itemListElement":[{"@type":"ListItem","position":1,"name":"Portada","item":"https:\/\/lagreska.onlinevalles.club\/"},{"@type":"ListItem","position":2,"name":"Declaraci\u00f3n de accesibilidad"}]},{"@type":"WebSite","@id":"https:\/\/lagreska.onlinevalles.club\/#website","url":"https:\/\/lagreska.onlinevalles.club\/","name":"La Greska Espectacles","description":"Agencia de animaci\u00f3n de fiestas y eventos en Sabadell","publisher":{"@id":"https:\/\/lagreska.onlinevalles.club\/#organization"},"potentialAction":[{"@type":"SearchAction","target":{"@type":"EntryPoint","urlTemplate":"https:\/\/lagreska.onlinevalles.club\/?s={search_term_string}"},"query-input":{"@type":"PropertyValueSpecification","valueRequired":true,"valueName":"search_term_string"}}],"inLanguage":"ca"},{"@type":"Organization","@id":"https:\/\/lagreska.onlinevalles.club\/#organization","name":"La Greska Espectacles","url":"https:\/\/lagreska.onlinevalles.club\/","logo":{"@type":"ImageObject","inLanguage":"ca","@id":"https:\/\/lagreska.onlinevalles.club\/#\/schema\/logo\/image\/","url":"https:\/\/lagreska.onlinevalles.club\/wp-content\/uploads\/2024\/05\/logo.png","contentUrl":"https:\/\/lagreska.onlinevalles.club\/wp-content\/uploads\/2024\/05\/logo.png","width":813,"height":307,"caption":"La Greska Espectacles"},"image":{"@id":"https:\/\/lagreska.onlinevalles.club\/#\/schema\/logo\/image\/"}}]}},"taxonomy_info":[],"featured_image_src_large":false,"author_info":{"display_name":"eloi","author_link":"https:\/\/lagreska.onlinevalles.club\/ca\/author\/eloi\/"},"comment_info":0,"_links":{"self":[{"href":"https:\/\/lagreska.onlinevalles.club\/ca\/wp-json\/wp\/v2\/pages\/12","targetHints":{"allow":["GET"]}}],"collection":[{"href":"https:\/\/lagreska.onlinevalles.club\/ca\/wp-json\/wp\/v2\/pages"}],"about":[{"href":"https:\/\/lagreska.onlinevalles.club\/ca\/wp-json\/wp\/v2\/types\/page"}],"author":[{"embeddable":true,"href":"https:\/\/lagreska.onlinevalles.club\/ca\/wp-json\/wp\/v2\/users\/1"}],"replies":[{"embeddable":true,"href":"https:\/\/lagreska.onlinevalles.club\/ca\/wp-json\/wp\/v2\/comments?post=12"}],"version-history":[{"count":1,"href":"https:\/\/lagreska.onlinevalles.club\/ca\/wp-json\/wp\/v2\/pages\/12\/revisions"}],"predecessor-version":[{"id":8487,"href":"https:\/\/lagreska.onlinevalles.club\/ca\/wp-json\/wp\/v2\/pages\/12\/revisions\/8487"}],"wp:attachment":[{"href":"https:\/\/lagreska.onlinevalles.club\/ca\/wp-json\/wp\/v2\/media?parent=12"}],"curies":[{"name":"wp","href":"https:\/\/api.w.org\/{rel}","templated":true}]}}